{"id":155850,"date":"2025-04-24T12:32:55","date_gmt":"2025-04-24T10:32:55","guid":{"rendered":"https:\/\/fitshaker-eshop-prod.goodrequest.dev\/eshop\/?post_type=product&#038;p=155850"},"modified":"2026-04-07T08:01:57","modified_gmt":"2026-04-07T06:01:57","slug":"granola-maliny-karob-300-g","status":"publish","type":"product","link":"https:\/\/fitshaker.sk\/eshop\/cs\/produkt\/granola-maliny-karob-300-g","title":{"rendered":"Granola \u2013 maliny, karob 300 g"},"content":{"rendered":"<p><strong><img loading=\"lazy\" decoding=\"async\" class=\"alignright wp-image-155568\" src=\"https:\/\/fitshaker.sk\/eshop\/wp-content\/uploads\/2024\/07\/granola-maliny-karob-banan-1-e1739367876355.jpg\" alt=\"\" width=\"689\" height=\"500\" srcset=\"https:\/\/fitshaker.sk\/eshop\/wp-content\/uploads\/2024\/07\/granola-maliny-karob-banan-1-e1739367876355.jpg 970w, https:\/\/fitshaker.sk\/eshop\/wp-content\/uploads\/2024\/07\/granola-maliny-karob-banan-1-e1739367876355-350x254.jpg 350w, https:\/\/fitshaker.sk\/eshop\/wp-content\/uploads\/2024\/07\/granola-maliny-karob-banan-1-e1739367876355-595x432.jpg 595w, https:\/\/fitshaker.sk\/eshop\/wp-content\/uploads\/2024\/07\/granola-maliny-karob-banan-1-e1739367876355-385x279.jpg 385w, https:\/\/fitshaker.sk\/eshop\/wp-content\/uploads\/2024\/07\/granola-maliny-karob-banan-1-e1739367876355-768x557.jpg 768w, https:\/\/fitshaker.sk\/eshop\/wp-content\/uploads\/2024\/07\/granola-maliny-karob-banan-1-e1739367876355-450x327.jpg 450w\" sizes=\"(max-width: 689px) 100vw, 689px\" \/><\/strong>\u010c\u00edm je Fitshaker granola v\u00fdnimo\u010dn\u00e1?<\/p>\n<ul>\n<li><strong>extr\u00e9mne chutn\u00e1,<\/strong><\/li>\n<li><strong>chrumkav\u00e1 <\/strong>(ale nie tvrd\u00e1! \ud83d\ude09),<\/li>\n<li><strong>pln\u00e1 zdrav\u00fdch a hodnotn\u00fdch surov\u00edn,<\/strong><\/li>\n<li><strong>bez pridan\u00e9ho cukru \u2013<\/strong> sladen\u00e1 kokosov\u00fdm sirupom,<\/li>\n<li><strong>bez pridan\u00fdch konzerva\u010dn\u00fdch l\u00e1tok,<\/strong><\/li>\n<li><strong>r\u00fdchlo poruke <\/strong><strong>\ud83d\ude42.<\/strong><\/li>\n<\/ul>\n<p>&nbsp;<\/p>\n<h3>Zlo\u017eenie:<\/h3>\n<p>bezglut\u00e9nov\u00e9<strong> ovsen\u00e9<\/strong> vlo\u010dky 52,4 %<br \/>\nkokosov\u00fd sirup<br \/>\n<strong>mandle<\/strong> l\u00fapan\u00e9 pl\u00e1tky 7 %<br \/>\nsu\u0161en\u00e9 kokosov\u00e9 pl\u00e1tky<br \/>\nkokosov\u00fd olej<br \/>\nsu\u0161en\u00e9 ban\u00e1nov\u00e9 pl\u00e1tky nesladen\u00e9 (68 % ban\u00e1n, 32 % kokosov\u00fd olej)<br \/>\nkarob pr\u00e1\u0161ok z rohovn\u00edka oby\u010dajn\u00e9ho 2,7 %<br \/>\nlyofilizovan\u00e9 maliny<br \/>\n\u0161korica mlet\u00e1<br \/>\nhimal\u00e1jska so\u013e ru\u017eov\u00e1<\/p>\n<p><strong>M\u00f4\u017ee obsahova\u0165 in\u00e9 orechy.<\/strong><\/p>\n<p>&nbsp;<\/p>\n<h3>V\u00fd\u017eivov\u00e9 \u00fadaje na 100 g:<\/h3>\n<p>energia 1 829 kJ\/436 kcal; tuky 19,4 g, z toho nas\u00fdten\u00e9 mastn\u00e9 kyseliny 12 g; sacharidy 54 g, z toho cukry 14 g; vl\u00e1knina 9 g, bielkoviny 9,3 g; so\u013e 0,2 g.<\/p>\n<p>&nbsp;<\/p>\n<p><strong>Pr\u00edprava:<\/strong> Granola v\u00fdborne chut\u00ed samostatne bez \u00fapravy alebo si ju m\u00f4\u017eete nasypa\u0165 do misky a zalia\u0165 mliekom alebo jogurtom.<\/p>\n<p><strong>Skladovanie: <\/strong>Skladujte v suchu, pri teplote do +25 \u02daC a chr\u00e1\u0148te pred priamym slne\u010dn\u00fdm \u017eiaren\u00edm. Obal v\u017edy dobre uzatvorte. Spotrebujte do 1 mesiaca od otvorenia.<\/p>\n<p>&nbsp;<\/p>\n<p><strong>Vyroben\u00e9 v \u010ceskej republike.<\/strong><\/p>\n<p><strong>Krajina p\u00f4vodu z\u00e1kladnej zlo\u017eky <\/strong>(bezglut\u00e9nov\u00e9<strong> ovsen\u00e9 <\/strong>vlo\u010dky): <strong>E\u00da. <\/strong><\/p>\n<p><strong>300 g<\/strong><\/p>\n<p>&nbsp;<\/p>\n","protected":false},"excerpt":{"rendered":"<p>Zapekan\u00e9 m\u00fcsli so su\u0161en\u00fdm ovoc\u00edm (7,8 %) a\u00a0orechmi.<br \/>\nSkvel\u00fd variant zdrav\u00fdch ra\u0148ajok, desiatej alebo r\u00fdchleho snacku na cesty.<br \/>\n<strong>Minim\u00e1lna trvanlivos\u0165: 30.6.2026<\/strong><\/p>\n<p>&nbsp;<\/p>\n<p><strong>026<\/strong><img loading=\"lazy\" decoding=\"async\" class=\"alignnone wp-image-171104\" src=\"https:\/\/fitshaker.sk\/eshop\/wp-content\/uploads\/2024\/12\/eshop-ikonky-produkty_Snacknutka-Marhula-a-malina-granoly.png\" alt=\"granola bez cukru\" width=\"557\" height=\"100\" srcset=\"https:\/\/fitshaker.sk\/eshop\/wp-content\/uploads\/2024\/12\/eshop-ikonky-produkty_Snacknutka-Marhula-a-malina-granoly.png 4914w, https:\/\/fitshaker.sk\/eshop\/wp-content\/uploads\/2024\/12\/eshop-ikonky-produkty_Snacknutka-Marhula-a-malina-granoly-350x63.png 350w, https:\/\/fitshaker.sk\/eshop\/wp-content\/uploads\/2024\/12\/eshop-ikonky-produkty_Snacknutka-Marhula-a-malina-granoly-595x107.png 595w, https:\/\/fitshaker.sk\/eshop\/wp-content\/uploads\/2024\/12\/eshop-ikonky-produkty_Snacknutka-Marhula-a-malina-granoly-385x69.png 385w, https:\/\/fitshaker.sk\/eshop\/wp-content\/uploads\/2024\/12\/eshop-ikonky-produkty_Snacknutka-Marhula-a-malina-granoly-768x138.png 768w, https:\/\/fitshaker.sk\/eshop\/wp-content\/uploads\/2024\/12\/eshop-ikonky-produkty_Snacknutka-Marhula-a-malina-granoly-1536x276.png 1536w, https:\/\/fitshaker.sk\/eshop\/wp-content\/uploads\/2024\/12\/eshop-ikonky-produkty_Snacknutka-Marhula-a-malina-granoly-2048x368.png 2048w, https:\/\/fitshaker.sk\/eshop\/wp-content\/uploads\/2024\/12\/eshop-ikonky-produkty_Snacknutka-Marhula-a-malina-granoly-450x81.png 450w\" sizes=\"(max-width: 557px) 100vw, 557px\" \/><\/p>\n","protected":false},"featured_media":162589,"comment_status":"open","ping_status":"closed","template":"","meta":{"_acf_changed":false},"product_cat":[213,251],"product_tag":[],"bundle_layout":"","bundled_by":[],"bundled_items":[],"acf":[],"_links":{"self":[{"href":"https:\/\/fitshaker.sk\/eshop\/cs\/wp-json\/wp\/v2\/product\/155850"}],"collection":[{"href":"https:\/\/fitshaker.sk\/eshop\/cs\/wp-json\/wp\/v2\/product"}],"about":[{"href":"https:\/\/fitshaker.sk\/eshop\/cs\/wp-json\/wp\/v2\/types\/product"}],"replies":[{"embeddable":true,"href":"https:\/\/fitshaker.sk\/eshop\/cs\/wp-json\/wp\/v2\/comments?post=155850"}],"wp:featuredmedia":[{"embeddable":true,"href":"https:\/\/fitshaker.sk\/eshop\/cs\/wp-json\/wp\/v2\/media\/162589"}],"wp:attachment":[{"href":"https:\/\/fitshaker.sk\/eshop\/cs\/wp-json\/wp\/v2\/media?parent=155850"}],"wp:term":[{"taxonomy":"product_cat","embeddable":true,"href":"https:\/\/fitshaker.sk\/eshop\/cs\/wp-json\/wp\/v2\/product_cat?post=155850"},{"taxonomy":"product_tag","embeddable":true,"href":"https:\/\/fitshaker.sk\/eshop\/cs\/wp-json\/wp\/v2\/product_tag?post=155850"}],"curies":[{"name":"wp","href":"https:\/\/api.w.org\/{rel}","templated":true}]}}