{"id":155814,"date":"2024-07-24T12:32:48","date_gmt":"2024-07-24T10:32:48","guid":{"rendered":"https:\/\/fitshaker-eshop-prod.goodrequest.dev\/eshop\/?post_type=product&#038;p=155814"},"modified":"2026-03-30T10:51:39","modified_gmt":"2026-03-30T08:51:39","slug":"lyofilizovane-ovocie-mango-jahoda-mandarinka-100-g","status":"publish","type":"product","link":"https:\/\/fitshaker.sk\/eshop\/cs\/produkt\/lyofilizovane-ovocie-mango-jahoda-mandarinka-100-g","title":{"rendered":"Lyofilizovan\u00e9 ovocie \u2013 mango, jahoda, mandar\u00ednka 100 g"},"content":{"rendered":"<p><strong><img loading=\"lazy\" decoding=\"async\" class=\"alignright wp-image-146480\" src=\"https:\/\/fitshaker.sk\/eshop\/wp-content\/uploads\/2024\/04\/lyo-ovocie-mango-jahoda-mandarinka-e1739454354417.jpg\" alt=\"lyo-ovocie\" width=\"543\" height=\"400\" srcset=\"https:\/\/fitshaker.sk\/eshop\/wp-content\/uploads\/2024\/04\/lyo-ovocie-mango-jahoda-mandarinka-e1739454354417.jpg 1350w, https:\/\/fitshaker.sk\/eshop\/wp-content\/uploads\/2024\/04\/lyo-ovocie-mango-jahoda-mandarinka-e1739454354417-350x258.jpg 350w, https:\/\/fitshaker.sk\/eshop\/wp-content\/uploads\/2024\/04\/lyo-ovocie-mango-jahoda-mandarinka-e1739454354417-595x438.jpg 595w, https:\/\/fitshaker.sk\/eshop\/wp-content\/uploads\/2024\/04\/lyo-ovocie-mango-jahoda-mandarinka-e1739454354417-385x283.jpg 385w, https:\/\/fitshaker.sk\/eshop\/wp-content\/uploads\/2024\/04\/lyo-ovocie-mango-jahoda-mandarinka-e1739454354417-768x565.jpg 768w, https:\/\/fitshaker.sk\/eshop\/wp-content\/uploads\/2024\/04\/lyo-ovocie-mango-jahoda-mandarinka-e1739454354417-450x331.jpg 450w\" sizes=\"(max-width: 543px) 100vw, 543px\" \/><\/strong><strong>Na\u0161e lyofilizovan\u00e9 ovocie sa zbiera v \u010dase ide\u00e1lnej zrelosti. N\u00e1sledne sa \u0161etrne su\u0161\u00ed mrazom, aby bolo:<\/strong><\/p>\n<ul>\n<li><strong>kr\u00e1sne chrumkav\u00e9,<\/strong><\/li>\n<li><strong>zachovalo si chu\u0165 a farbu <\/strong><\/li>\n<li><strong>a a\u017e 98 % svojich v\u00fd\u017eivov\u00fdch hodn\u00f4t. <\/strong><\/li>\n<li><strong>Je takmer identick\u00e9 s\u00a0p\u00f4vodn\u00fdm ovoc\u00edm. <\/strong><\/li>\n<li><strong>Je bez konzervantov.<\/strong><\/li>\n<\/ul>\n<p><strong>Prin\u00e1\u0161ame ti pr\u00e9miov\u00fa kvalitu, ktor\u00fa h\u013ead\u00e1me aj sami pre seba. Bez kompromisov<\/strong><strong>.<\/strong><\/p>\n<div class=\"ql-block\" data-block-id=\"block-84398007-2f2a-4893-b2ce-b1b6fb18f3af\">\n<p>&nbsp;<\/p>\n<h3>Zlo\u017eenie:<\/h3>\n<p>lyofilizovan\u00e9 mango 50 %, lyofilizovan\u00e9 mandar\u00ednky 25 %, lyofilizovan\u00e9 jahody 25 %.*<\/p>\n<p><strong>*Ovocie su\u0161en\u00e9 mrazom je 100 % \u010dist\u00e9 ovocie, z ktor\u00e9ho je odstr\u00e1nen\u00e1 voda. <\/strong><br \/>\n<strong>50 g lyofilizovan\u00e9ho ovocia je vyroben\u00e9ho zo 400 a\u017e 500 g \u010derstv\u00e9ho ovocia.<\/strong><\/p>\n<p>&nbsp;<\/p>\n<h3>V\u00fd\u017eivov\u00e9 \u00fadaje na 100 g:<\/h3>\n<p>energia 1 322 kJ\/316 kcal; tuky 1,2 g, z toho nas\u00fdten\u00e9 mastn\u00e9 kyseliny 0,02 g; sacharidy 75,2 g, z toho cukry 56,8 g; vl\u00e1knina 6,8 g; bielkoviny 5,3 g; so\u013e 0,01 g.<\/p>\n<\/div>\n<p>&nbsp;<\/p>\n<p><strong>Pou\u017eitie:<\/strong> Lyofilizovan\u00e9 ovocie je ide\u00e1lne na konzum\u00e1ciu priamo, na pe\u010denie, do jogurtov, sorbetov alebo smoothies.<\/p>\n<p><strong>Skladovanie: <\/strong>Skladujte v suchu, pri teplote do +25 \u02daC a chr\u00e1\u0148te pred priamym slne\u010dn\u00fdm \u017eiaren\u00edm. Obal v\u017edy dobre uzatvorte. Spotrebujte do 1 mesiaca od otvorenia.<\/p>\n<p>&nbsp;<\/p>\n<p><strong>Vyroben\u00e9 na Slovensku.<\/strong><\/p>\n<p><strong>Krajina p\u00f4vodu ovocia: mimo E\u00da.<\/strong><\/p>\n<p><strong>100 g<\/strong><\/p>\n<p>&nbsp;<\/p>\n","protected":false},"excerpt":{"rendered":"<p>Mrazom su\u0161en\u00e9 ovocie (100 %).<\/p>\n<p>&nbsp;<\/p>\n<p><img loading=\"lazy\" decoding=\"async\" class=\"alignnone wp-image-171108\" src=\"https:\/\/fitshaker.sk\/eshop\/wp-content\/uploads\/2024\/12\/eshop-ikonky-produkty_lyo-ovocie.png\" alt=\"lyofilizovane ovocie\" width=\"670\" height=\"100\" srcset=\"https:\/\/fitshaker.sk\/eshop\/wp-content\/uploads\/2024\/12\/eshop-ikonky-produkty_lyo-ovocie.png 5920w, https:\/\/fitshaker.sk\/eshop\/wp-content\/uploads\/2024\/12\/eshop-ikonky-produkty_lyo-ovocie-350x52.png 350w, https:\/\/fitshaker.sk\/eshop\/wp-content\/uploads\/2024\/12\/eshop-ikonky-produkty_lyo-ovocie-595x89.png 595w, https:\/\/fitshaker.sk\/eshop\/wp-content\/uploads\/2024\/12\/eshop-ikonky-produkty_lyo-ovocie-385x57.png 385w, https:\/\/fitshaker.sk\/eshop\/wp-content\/uploads\/2024\/12\/eshop-ikonky-produkty_lyo-ovocie-768x115.png 768w, https:\/\/fitshaker.sk\/eshop\/wp-content\/uploads\/2024\/12\/eshop-ikonky-produkty_lyo-ovocie-1536x229.png 1536w, https:\/\/fitshaker.sk\/eshop\/wp-content\/uploads\/2024\/12\/eshop-ikonky-produkty_lyo-ovocie-2048x305.png 2048w, https:\/\/fitshaker.sk\/eshop\/wp-content\/uploads\/2024\/12\/eshop-ikonky-produkty_lyo-ovocie-450x67.png 450w\" sizes=\"(max-width: 670px) 100vw, 670px\" \/><\/p>\n","protected":false},"featured_media":162548,"comment_status":"open","ping_status":"closed","template":"","meta":{"_acf_changed":false},"product_cat":[213],"product_tag":[],"bundle_layout":"","bundled_by":[],"bundled_items":[],"acf":[],"_links":{"self":[{"href":"https:\/\/fitshaker.sk\/eshop\/cs\/wp-json\/wp\/v2\/product\/155814"}],"collection":[{"href":"https:\/\/fitshaker.sk\/eshop\/cs\/wp-json\/wp\/v2\/product"}],"about":[{"href":"https:\/\/fitshaker.sk\/eshop\/cs\/wp-json\/wp\/v2\/types\/product"}],"replies":[{"embeddable":true,"href":"https:\/\/fitshaker.sk\/eshop\/cs\/wp-json\/wp\/v2\/comments?post=155814"}],"wp:featuredmedia":[{"embeddable":true,"href":"https:\/\/fitshaker.sk\/eshop\/cs\/wp-json\/wp\/v2\/media\/162548"}],"wp:attachment":[{"href":"https:\/\/fitshaker.sk\/eshop\/cs\/wp-json\/wp\/v2\/media?parent=155814"}],"wp:term":[{"taxonomy":"product_cat","embeddable":true,"href":"https:\/\/fitshaker.sk\/eshop\/cs\/wp-json\/wp\/v2\/product_cat?post=155814"},{"taxonomy":"product_tag","embeddable":true,"href":"https:\/\/fitshaker.sk\/eshop\/cs\/wp-json\/wp\/v2\/product_tag?post=155814"}],"curies":[{"name":"wp","href":"https:\/\/api.w.org\/{rel}","templated":true}]}}