{"id":155809,"date":"2024-07-24T12:32:48","date_gmt":"2024-07-24T10:32:48","guid":{"rendered":"https:\/\/fitshaker-eshop-prod.goodrequest.dev\/eshop\/?post_type=product&#038;p=155809"},"modified":"2026-05-04T16:03:11","modified_gmt":"2026-05-04T14:03:11","slug":"lyofilizovane-banany-v-mliecnej-cokolade-50-g","status":"publish","type":"product","link":"https:\/\/fitshaker.sk\/eshop\/cs\/produkt\/lyofilizovane-banany-v-mliecnej-cokolade-50-g","title":{"rendered":"Lyofilizovan\u00e9 ban\u00e1ny v mlie\u010dnej \u010dokol\u00e1de 50 g"},"content":{"rendered":"<p><img loading=\"lazy\" decoding=\"async\" class=\"alignright wp-image-146485\" src=\"https:\/\/fitshaker.sk\/eshop\/wp-content\/uploads\/2024\/04\/banany-v-cokolade-e1739551188890.jpg\" alt=\"lyofilizovane-banany-v-mliecnej-cokolade\" width=\"553\" height=\"460\" srcset=\"https:\/\/fitshaker.sk\/eshop\/wp-content\/uploads\/2024\/04\/banany-v-cokolade-e1739551188890.jpg 1228w, https:\/\/fitshaker.sk\/eshop\/wp-content\/uploads\/2024\/04\/banany-v-cokolade-e1739551188890-350x291.jpg 350w, https:\/\/fitshaker.sk\/eshop\/wp-content\/uploads\/2024\/04\/banany-v-cokolade-e1739551188890-595x495.jpg 595w, https:\/\/fitshaker.sk\/eshop\/wp-content\/uploads\/2024\/04\/banany-v-cokolade-e1739551188890-385x320.jpg 385w, https:\/\/fitshaker.sk\/eshop\/wp-content\/uploads\/2024\/04\/banany-v-cokolade-e1739551188890-768x639.jpg 768w, https:\/\/fitshaker.sk\/eshop\/wp-content\/uploads\/2024\/04\/banany-v-cokolade-e1739551188890-450x374.jpg 450w\" sizes=\"(max-width: 553px) 100vw, 553px\" \/>Toto je d\u00f4kaz, \u017ee sladkosti sa daj\u00fa robi\u0165 aj <strong>zdravo a kvalitne!<\/strong><\/p>\n<p><strong>Na\u0161e lyofilizovan\u00e9 ovocie sa zbiera v \u010dase ide\u00e1lnej zrelosti. N\u00e1sledne sa \u0161etrne su\u0161\u00ed mrazom, aby bolo kr\u00e1sne chrumkav\u00e9, zachovalo si chu\u0165 a farbu a a\u017e 98 % svojich v\u00fd\u017eivov\u00fdch hodn\u00f4t. Je takmer identick\u00e9 s\u00a0p\u00f4vodn\u00fdm ovoc\u00edm. Je bez konzervantov.<\/strong><\/p>\n<p>Ka\u017ed\u00fdch 100 g mrazom su\u0161en\u00e9ho ovocia je vyroben\u00fdch z 800 g a\u017e 1 kg \u010derstv\u00e9ho ovocia.<\/p>\n<p>Ban\u00e1ny sa jednotlivo triedia a dra\u017euj\u00fa do mlie\u010dnej \u010dokol\u00e1dy. Neobsahuj\u00fa \u017eiadne chemik\u00e1lie ani pridan\u00e9 cukry. \u010cokol\u00e1da je bez umel\u00fdch le\u0161tiacich l\u00e1tok.<\/p>\n<p>&nbsp;<\/p>\n<h3>Zlo\u017eenie:<\/h3>\n<p><strong>mlie\u010dna <\/strong>\u010dokol\u00e1da 75 % (cukor, kakaov\u00e1 hmota, su\u0161en\u00e9 plnotu\u010dn\u00e9 <strong>mlieko<\/strong>, kakaov\u00e9 maslo, su\u0161en\u00e9 odtu\u010dnen\u00e9 <strong>mlieko<\/strong>, emulg\u00e1tory: <strong>repkov\u00fd <\/strong>lecit\u00edn, vanilka), lyofilizovan\u00e9 ban\u00e1ny 25 %.<\/p>\n<p><strong>M\u00f4\u017ee obsahova\u0165\u00a0ara\u0161idy,\u00a0s\u00f3ju\u00a0a\u00a0orechy.<\/strong><\/p>\n<p>&nbsp;<\/p>\n<h3>V\u00fd\u017eivov\u00e9 \u00fadaje na 100 g:<\/h3>\n<p>energia 2023 kJ\/485 kcal; tuky 23,3 g, z toho nas\u00fdten\u00e9 mastn\u00e9 kyseliny 14 g; sacharidy 59 g, z toho cukry 55,2 g; bielkoviny 6,3 g; so\u013e 0,1 g.<\/p>\n<p>&nbsp;<\/p>\n<p><strong>Skladovanie: <\/strong>Skladujte v suchu, pri teplote od +18 \u02daC do +23 \u02daC a chr\u00e1\u0148te pred priamym slne\u010dn\u00fdm \u017eiaren\u00edm. Obal v\u017edy dobre uzatvorte. Spotrebujte do 1 mesiaca od otvorenia.<\/p>\n<p><strong>Vyroben\u00e9 na Slovensku.<\/strong><\/p>\n<p><strong>Krajina p\u00f4vodu ovocia: mimo E\u00da.<\/strong><\/p>\n<p><strong>50 g<\/strong><\/p>\n<p>&nbsp;<\/p>\n","protected":false},"excerpt":{"rendered":"<p>Tak toto je sladk\u00e1 zdrav\u00e1 BOMBA! <strong>Lyofilizovan\u00e9 ovocie pr\u00e9miovej kvality m\u00e1\u010dan\u00e9 v \u010dokol\u00e1de vyrobenej na Slovensku.<\/strong><\/p>\n<p><strong>Bez zbyto\u010dn\u00fdch le\u0161tiacich l\u00e1tok!<\/strong> Prin\u00e1\u0161ame ti pr\u00e9miov\u00fa kvalitu, ktor\u00fa h\u013ead\u00e1me aj sami pre seba. <strong>Bez kompromisov.<\/strong><\/p>\n<p>&nbsp;<\/p>\n<p>&nbsp;<\/p>\n<p><img loading=\"lazy\" decoding=\"async\" class=\"alignnone wp-image-171110\" src=\"https:\/\/fitshaker.sk\/eshop\/wp-content\/uploads\/2024\/12\/eshop-ikonky-produkty_lyo-cernice-banany-maliny.png\" alt=\"lyo ovocie v mliecnej cokolade\" width=\"442\" height=\"100\" srcset=\"https:\/\/fitshaker.sk\/eshop\/wp-content\/uploads\/2024\/12\/eshop-ikonky-produkty_lyo-cernice-banany-maliny.png 3907w, https:\/\/fitshaker.sk\/eshop\/wp-content\/uploads\/2024\/12\/eshop-ikonky-produkty_lyo-cernice-banany-maliny-350x79.png 350w, https:\/\/fitshaker.sk\/eshop\/wp-content\/uploads\/2024\/12\/eshop-ikonky-produkty_lyo-cernice-banany-maliny-595x134.png 595w, https:\/\/fitshaker.sk\/eshop\/wp-content\/uploads\/2024\/12\/eshop-ikonky-produkty_lyo-cernice-banany-maliny-385x87.png 385w, https:\/\/fitshaker.sk\/eshop\/wp-content\/uploads\/2024\/12\/eshop-ikonky-produkty_lyo-cernice-banany-maliny-768x174.png 768w, https:\/\/fitshaker.sk\/eshop\/wp-content\/uploads\/2024\/12\/eshop-ikonky-produkty_lyo-cernice-banany-maliny-1536x347.png 1536w, https:\/\/fitshaker.sk\/eshop\/wp-content\/uploads\/2024\/12\/eshop-ikonky-produkty_lyo-cernice-banany-maliny-2048x463.png 2048w, https:\/\/fitshaker.sk\/eshop\/wp-content\/uploads\/2024\/12\/eshop-ikonky-produkty_lyo-cernice-banany-maliny-450x102.png 450w\" sizes=\"(max-width: 442px) 100vw, 442px\" \/><\/p>\n","protected":false},"featured_media":162550,"comment_status":"open","ping_status":"closed","template":"","meta":{"_acf_changed":false},"product_cat":[213],"product_tag":[],"bundle_layout":"","bundled_by":[],"bundled_items":[],"acf":[],"_links":{"self":[{"href":"https:\/\/fitshaker.sk\/eshop\/cs\/wp-json\/wp\/v2\/product\/155809"}],"collection":[{"href":"https:\/\/fitshaker.sk\/eshop\/cs\/wp-json\/wp\/v2\/product"}],"about":[{"href":"https:\/\/fitshaker.sk\/eshop\/cs\/wp-json\/wp\/v2\/types\/product"}],"replies":[{"embeddable":true,"href":"https:\/\/fitshaker.sk\/eshop\/cs\/wp-json\/wp\/v2\/comments?post=155809"}],"wp:featuredmedia":[{"embeddable":true,"href":"https:\/\/fitshaker.sk\/eshop\/cs\/wp-json\/wp\/v2\/media\/162550"}],"wp:attachment":[{"href":"https:\/\/fitshaker.sk\/eshop\/cs\/wp-json\/wp\/v2\/media?parent=155809"}],"wp:term":[{"taxonomy":"product_cat","embeddable":true,"href":"https:\/\/fitshaker.sk\/eshop\/cs\/wp-json\/wp\/v2\/product_cat?post=155809"},{"taxonomy":"product_tag","embeddable":true,"href":"https:\/\/fitshaker.sk\/eshop\/cs\/wp-json\/wp\/v2\/product_tag?post=155809"}],"curies":[{"name":"wp","href":"https:\/\/api.w.org\/{rel}","templated":true}]}}