{"id":155707,"date":"2024-07-24T12:32:20","date_gmt":"2024-07-24T10:32:20","guid":{"rendered":"https:\/\/fitshaker-eshop-prod.goodrequest.dev\/eshop\/?post_type=product&#038;p=155707"},"modified":"2026-03-20T13:46:00","modified_gmt":"2026-03-20T12:46:00","slug":"crop-top-s-dlhym-rukavom-basic","status":"publish","type":"product","link":"https:\/\/fitshaker.sk\/eshop\/cs\/produkt\/crop-top-s-dlhym-rukavom-basic","title":{"rendered":"Crop top s dlh\u00fdm ruk\u00e1vom BASIC"},"content":{"rendered":"<p><strong>BASIC kolekcia \u0161portov\u00e9ho oble\u010denia vytvoren\u00e1 Fitshakerom, pre v\u0161etky akt\u00edvne \u017eeny je tu! Vznikla s d\u00f4razom na pohodlnos\u0165, funk\u010dnos\u0165 a praktickos\u0165. <\/strong><\/p>\n<p><strong>Dali sme si z\u00e1le\u017ea\u0165 na zauj\u00edmav\u00fdch strihoch z ktor\u00fdch si vyberie ka\u017ed\u00e1 (nielen) Fitshaker\u00e1\u010dka. <\/strong><strong>U\u0161ili sme to, \u010do sme samy h\u013eadali. Tak\u017ee vy u\u017e h\u013eada\u0165 nemus\u00edte! <\/strong><strong>\u2764\ufe0f<\/strong><\/p>\n<p>&nbsp;<\/p>\n<p><strong>FITSHAKER BASIC KOLEKICA V 3 FARB\u00c1CH:<\/strong><\/p>\n<ul>\n<li><strong>Z\u00e1kladn\u00e1 BLACK<\/strong>\u00a0 \u2013 univerz\u00e1lna \u010dierna, ktor\u00e1 nesmie ch\u00fdba\u0165 \u017eiadnej Fitshaker\u00e1\u010dke \ud83d\ude09, hod\u00ed sa ku v\u0161etk\u00e9mu, skvele sa kombinuje a nikdy nevyjde z m\u00f3dy.<\/li>\n<li><strong>Exotick\u00e1 CAYENNE<\/strong>\u00a0farba roz\u017eiari, o\u010dar\u00ed a up\u00fata ka\u017ed\u00e9ho. T\u00e1to farba sa skvele hod\u00ed aj k na\u0161ej Basic BLACK kolekcii. Je tu pre v\u0161etky akt\u00edvne \u017eeny, ktor\u00e9 chc\u00fa vynikn\u00fa\u0165!<\/li>\n<li><strong>Kr\u00e1sna, jemn\u00e1, ne\u017en\u00e1 a \u017eensk\u00e1 NUDE<\/strong>. Tento odtie\u0148 tie\u017e \u013eahko zlad\u00ed\u0161 so v\u0161etk\u00fdmi na\u0161imi Fitshaker k\u00faskami, ale aj s hociktor\u00fdmi in\u00fdmi \u2013 tvojimi ob\u013e\u00faben\u00fdmi.<\/li>\n<\/ul>\n<p>&nbsp;<\/p>\n<p>Obtiahnut\u00fd \u0161portov\u00fd Crop top, ktor\u00fd poodha\u013euje bru\u0161ko sa dokonale hod\u00ed k leg\u00ednam alebo \u0161ortk\u00e1m s vysok\u00fdm p\u00e1som. Spolo\u010dne kr\u00e1sne vytvaruj\u00fa postavu a zv\u00fdraznia naj\u0161t\u00edhlej\u0161iu \u010das\u0165 p\u00e1su. To je ale vymakan\u00e1 finta, ako za ka\u017ed\u00fdch okolnost\u00ed vyzera\u0165 \u00fa\u017easne a sexy v\u0161ak? \ud83d\ude42<\/p>\n<p>Crop top m\u00e1 dlh\u00fd ruk\u00e1v, ktor\u00fd mu dod\u00e1va eleganciu. V\u00fdborne sa hod\u00ed na ak\u00fako\u013evek \u0161portov\u00fa aktivitu, ale aj do pr\u00e1ce, \u010di mesta k rifliam a tenisk\u00e1m. <strong>Funk\u010dn\u00fd \u0161portov\u00fd materi\u00e1l, z ktor\u00e9ho je u\u0161it\u00fd, si zamilujete. Je pohodln\u00fd, pr\u00edjemn\u00fd a priedu\u0161n\u00fd a r\u00fdchlo schne. Crop top je vyroben\u00fd z rovnak\u00e9ho funk\u010dn\u00e9ho materi\u00e1lu ako leg\u00edny a \u0161ortky.<\/strong><\/p>\n<p><strong>Crop top u n\u00e1s n\u00e1jdete vo ve\u013ekostiach od XS a\u017e po XL. Vyberte si ve\u013ekos\u0165, ktor\u00fa be\u017ene nos\u00edte. <\/strong>Ak sa rozhodujete medzi 2 ve\u013ekos\u0165ami, siahnite po men\u0161ej ve\u013ekosti, materi\u00e1l a strih je ve\u013emi flexibiln\u00fd a prisp\u00f4sobiv\u00fd.<\/p>\n<p><em>Fotky na re\u00e1lnych \u017een\u00e1ch n\u00e1jdete v gal\u00e9rii, aby ste si vedeli strih a d\u013a\u017eku dobre predstavi\u0165. <\/em><\/p>\n<p><strong>Zlo\u017eenie materi\u00e1lu:<\/strong> 82% polyester, 18% elast\u00e9n<\/p>\n<p><strong>Starostlivos\u0165 o produkt: <\/strong>Pra\u0165 prevr\u00e1ten\u00e9 na ruby na 30\u00b0, nepou\u017e\u00edva\u0165 aviv\u00e1\u017e, nesu\u0161i\u0165 v su\u0161i\u010dke, vyvarova\u0165 sa oderu s ostr\u00fdmi predmetmi.<\/p>\n<p><strong>Na\u0161a BASIC a COMPRESS kolekcia je u\u0161it\u00e1 v Po\u013esku z l\u00e1tok vyroben\u00fdch v Po\u013esku.<\/strong><br \/>\nVznikla vo f\u00e9r podmienkach. Na\u0161ich dod\u00e1vate\u013eov, kraj\u010d\u00edrky aj n\u00e1vrh\u00e1rky osobne pozn\u00e1me, ako aj miesta, v ktor\u00fdch pracuj\u00fa.<\/p>\n<p><img loading=\"lazy\" decoding=\"async\" class=\"alignnone wp-image-125013 size-full\" src=\"https:\/\/fitshaker.sk\/eshop\/wp-content\/uploads\/2023\/06\/Crop-top-s-dlhym-rukavom-BASIC.jpg\" alt=\"Tabulka velkosti Fitshaker sportove oblecnie\" width=\"1772\" height=\"856\" srcset=\"https:\/\/fitshaker.sk\/eshop\/wp-content\/uploads\/2023\/06\/Crop-top-s-dlhym-rukavom-BASIC.jpg 1772w, https:\/\/fitshaker.sk\/eshop\/wp-content\/uploads\/2023\/06\/Crop-top-s-dlhym-rukavom-BASIC-300x145.jpg 300w, https:\/\/fitshaker.sk\/eshop\/wp-content\/uploads\/2023\/06\/Crop-top-s-dlhym-rukavom-BASIC-1024x495.jpg 1024w, https:\/\/fitshaker.sk\/eshop\/wp-content\/uploads\/2023\/06\/Crop-top-s-dlhym-rukavom-BASIC-768x371.jpg 768w, https:\/\/fitshaker.sk\/eshop\/wp-content\/uploads\/2023\/06\/Crop-top-s-dlhym-rukavom-BASIC-1536x742.jpg 1536w, https:\/\/fitshaker.sk\/eshop\/wp-content\/uploads\/2023\/06\/Crop-top-s-dlhym-rukavom-BASIC-1568x757.jpg 1568w, https:\/\/fitshaker.sk\/eshop\/wp-content\/uploads\/2023\/06\/Crop-top-s-dlhym-rukavom-BASIC-600x290.jpg 600w\" sizes=\"(max-width: 1772px) 100vw, 1772px\" \/><\/p>\n","protected":false},"excerpt":{"rendered":"<p>Elegantn\u00fd funk\u010dn\u00fd Crop top, v ktorom bude\u0161 za ka\u017ed\u00fdch okolnost\u00ed vyzera\u0165 \u00fa\u017easne a sexy. Funk\u010dn\u00fd \u0161portov\u00fd materi\u00e1l, z ktor\u00e9ho je u\u0161it\u00fd, si zamiluje\u0161. Je pohodln\u00fd, pr\u00edjemn\u00fd a priedu\u0161n\u00fd a r\u00fdchlo schne.<\/p>\n","protected":false},"featured_media":155210,"comment_status":"open","ping_status":"closed","template":"","meta":{"_acf_changed":false},"product_cat":[214],"product_tag":[],"bundle_layout":"","bundled_by":[],"bundled_items":[],"acf":[],"_links":{"self":[{"href":"https:\/\/fitshaker.sk\/eshop\/cs\/wp-json\/wp\/v2\/product\/155707"}],"collection":[{"href":"https:\/\/fitshaker.sk\/eshop\/cs\/wp-json\/wp\/v2\/product"}],"about":[{"href":"https:\/\/fitshaker.sk\/eshop\/cs\/wp-json\/wp\/v2\/types\/product"}],"replies":[{"embeddable":true,"href":"https:\/\/fitshaker.sk\/eshop\/cs\/wp-json\/wp\/v2\/comments?post=155707"}],"wp:featuredmedia":[{"embeddable":true,"href":"https:\/\/fitshaker.sk\/eshop\/cs\/wp-json\/wp\/v2\/media\/155210"}],"wp:attachment":[{"href":"https:\/\/fitshaker.sk\/eshop\/cs\/wp-json\/wp\/v2\/media?parent=155707"}],"wp:term":[{"taxonomy":"product_cat","embeddable":true,"href":"https:\/\/fitshaker.sk\/eshop\/cs\/wp-json\/wp\/v2\/product_cat?post=155707"},{"taxonomy":"product_tag","embeddable":true,"href":"https:\/\/fitshaker.sk\/eshop\/cs\/wp-json\/wp\/v2\/product_tag?post=155707"}],"curies":[{"name":"wp","href":"https:\/\/api.w.org\/{rel}","templated":true}]}}