{"id":155693,"date":"2024-07-24T12:32:19","date_gmt":"2024-07-24T10:32:19","guid":{"rendered":"https:\/\/fitshaker-eshop-prod.goodrequest.dev\/eshop\/?post_type=product&#038;p=155693"},"modified":"2026-04-12T08:02:16","modified_gmt":"2026-04-12T06:02:16","slug":"overball","status":"publish","type":"product","link":"https:\/\/fitshaker.sk\/eshop\/cs\/produkt\/overball","title":{"rendered":"Overball 25 cm"},"content":{"rendered":"<p>Overball ma ve\u013emi \u0161irok\u00e9 vyu\u017eitie. Je ide\u00e1lny na <strong>spestrenie a zefekt\u00edvnenie r\u00f4znych typov cvi\u010den\u00ed<\/strong>. Ocen\u00ed\u0161 ho ako v\u00fdborn\u00fa pom\u00f4cku <strong>pri posil\u0148ovac\u00edch cvi\u010deniach<\/strong>, ale aj <strong>pri na\u0165ahovac\u00edch, balan\u010dn\u00fdch a relaxa\u010dn\u00fdch cvi\u010deniach ako je joga alebo pilates<\/strong>. N\u00e1pomocn\u00fd je aj <strong>pri rehabilita\u010dn\u00fdch cvi\u010deniach a fyzioterapii.<\/strong> Multifunk\u010dn\u00fd overball m\u00f4\u017ee\u0161 vyu\u017ei\u0165 aj <strong>pri seden\u00ed za po\u010d\u00edta\u010dom<\/strong>, podlo\u017een\u00edm kr\u00ed\u017eovej, \u010di medzilopatkovej oblasti \u010d\u00edm <strong>zabezpe\u010d\u00ed\u0161 vzpriamen\u00e9 sedenie.<\/strong><\/p>\n<p>D\u00e1 sa pou\u017ei\u0165 \u00faplne naf\u00faknut\u00fd alebo jemne vyf\u00faknut\u00fd pod\u013ea potreby a typu cvi\u010denia. Stupe\u0148 naf\u00faknutia ovplyv\u0148uje n\u00e1ro\u010dnos\u0165 cvi\u010denia.<\/p>\n<p>Overball je vyroben\u00fd z pevn\u00e9ho a ve\u013emi flexibiln\u00e9ho materi\u00e1lu (PVC). V balen\u00ed je prilo\u017een\u00e1 slamka, ktorou sa d\u00e1 lopta ve\u013emi jednoducho a r\u00fdchlo naf\u00faka\u0165 \u00fastami.<\/p>\n<p>Priemer overballu: 25-26 cm<\/p>\n<p>Nosnos\u0165: 150 kg<\/p>\n<p>Medzi na\u0161imi tr\u00e9ningami n\u00e1jde\u0161 aj in\u0161pir\u00e1ciu <a href=\"https:\/\/fitshaker.sk\/cvicenie?accessories=14\">ako s overballom cvi\u010di\u0165.<\/a><\/p>\n","protected":false},"excerpt":{"rendered":"<p>Multifunk\u010dn\u00e1 pom\u00f4cka pri v\u0161etk\u00fdch typoch cvi\u010den\u00ed. Pri posil\u0148ovac\u00edch cvi\u010deniach, na\u0165ahovac\u00edch, balan\u010dn\u00fdch a relaxa\u010dn\u00fdch cvi\u010deniach ako je joga alebo pilates, ale aj\u00a0pri rehabilita\u010dn\u00fdch cvi\u010deniach a fyzioterapii. Priemer overballu je 25-26 cm.<\/p>\n","protected":false},"featured_media":162559,"comment_status":"open","ping_status":"closed","template":"","meta":{"_acf_changed":false},"product_cat":[215],"product_tag":[],"bundle_layout":"","bundled_by":[],"bundled_items":[],"acf":[],"_links":{"self":[{"href":"https:\/\/fitshaker.sk\/eshop\/cs\/wp-json\/wp\/v2\/product\/155693"}],"collection":[{"href":"https:\/\/fitshaker.sk\/eshop\/cs\/wp-json\/wp\/v2\/product"}],"about":[{"href":"https:\/\/fitshaker.sk\/eshop\/cs\/wp-json\/wp\/v2\/types\/product"}],"replies":[{"embeddable":true,"href":"https:\/\/fitshaker.sk\/eshop\/cs\/wp-json\/wp\/v2\/comments?post=155693"}],"wp:featuredmedia":[{"embeddable":true,"href":"https:\/\/fitshaker.sk\/eshop\/cs\/wp-json\/wp\/v2\/media\/162559"}],"wp:attachment":[{"href":"https:\/\/fitshaker.sk\/eshop\/cs\/wp-json\/wp\/v2\/media?parent=155693"}],"wp:term":[{"taxonomy":"product_cat","embeddable":true,"href":"https:\/\/fitshaker.sk\/eshop\/cs\/wp-json\/wp\/v2\/product_cat?post=155693"},{"taxonomy":"product_tag","embeddable":true,"href":"https:\/\/fitshaker.sk\/eshop\/cs\/wp-json\/wp\/v2\/product_tag?post=155693"}],"curies":[{"name":"wp","href":"https:\/\/api.w.org\/{rel}","templated":true}]}}