{"id":155687,"date":"2024-07-24T12:32:18","date_gmt":"2024-07-24T10:32:18","guid":{"rendered":"https:\/\/fitshaker-eshop-prod.goodrequest.dev\/eshop\/?post_type=product&#038;p=155687"},"modified":"2026-04-03T11:55:42","modified_gmt":"2026-04-03T09:55:42","slug":"masazny-olej-na-svalovicu","status":"publish","type":"product","link":"https:\/\/fitshaker.sk\/eshop\/cs\/produkt\/masazny-olej-na-svalovicu","title":{"rendered":"Mas\u00e1\u017eny olej na svalovicu"},"content":{"rendered":"<p><strong>Spr\u00e1vna regener\u00e1cia je rovnako d\u00f4le\u017eit\u00e1 ako spr\u00e1vny tr\u00e9ning \u010di v\u00fdkon pri \u0161portovej aktivite. <\/strong>Niekedy sa bolesti svalov nevyhneme. Ke\u010f u\u017e pr\u00edde, chceme, aby trvala \u010do najkrat\u0161ie. Aby sme v\u00e1m pomohli, vytvorili sme <strong>mas\u00e1\u017eny olej s unik\u00e1tnym zlo\u017een\u00edm<\/strong>. Tvoria ho pr\u00edrodn\u00e9 silice \u2013 <strong>levandu\u013ea, g\u00e1for a wintergreen. <\/strong>Tento unik\u00e1tny mix sme navrhli v spolupr\u00e1ci s odborn\u00edkmi tak, aby priniesol \u017eelan\u00fd \u00fa\u010dinok. Ka\u017ed\u00e1 je vybran\u00e1 starostlivo tak, aby pomohla fyzick\u00e9mu i psychick\u00e9mu zrelaxovaniu a zotaveniu.<\/p>\n<p><strong>Olej je vhodn\u00fd na mas\u00e1\u017e pri svalovej \u00fanave, bolesti \u0161liach, v\u00e4z\u00edv a svalov. Tie\u017e pri men\u0161trua\u010dn\u00fdch bolestiach.<\/strong> Poko\u017eka zost\u00e1va po mas\u00e1\u017ei jemn\u00e1, vy\u017eiven\u00e1 a vo\u0148av\u00e1.<\/p>\n<p><strong>Levandu\u013ea <\/strong>upokojuje nie len na fyzickej \u00farovni, po n\u00e1ro\u010dnom tr\u00e9ningu, ale je ide\u00e1lna aj na psychick\u00e9 zrelaxovanie. M\u00e1 aromaterapeutick\u00e9 \u00fa\u010dinky. Tlm\u00ed k\u0155\u010de a uvo\u013e\u0148uje svalov\u00e9 nap\u00e4tie.<\/p>\n<p><strong>G\u00e1for <\/strong>m\u00e1 kr\u00e1snu typick\u00fa bylinkov\u00fa v\u00f4\u0148u. Je \u010dasto vyu\u017e\u00edvan\u00fd v medic\u00edne pri lie\u010dbe r\u00f4znych zranen\u00ed, ako je napr\u00edklad podvrtnutie, \u010di natiahnutie svalov. T\u00e1to zlo\u017eka je skvel\u00e1 proti svalovej bolesti, svalovej hor\u00fa\u010dke. Stimuluje svaly, aby sa dobre regenerovali.<\/p>\n<p><strong>Wintergreen <\/strong>je relaxant a antiremautikum. P\u00f4sob\u00ed upokojuj\u00faco proti k\u0155\u010dom, vr\u00e1tane men\u0161trua\u010dn\u00fdch k\u0155\u010dov. Pom\u00e1ha pri svalovci, svalov\u00fdch k\u0155\u010doch, stuhnutosti svalstva po cvi\u010den\u00ed. Telo vie t\u00fato silicu vstreba\u0165 cez poko\u017eku, vie prehria\u0165 a uvo\u013eni\u0165 svaly do h\u013abky. Pom\u00e1ha aj pri DNE, z\u00e1paloch kost\u00ed, \u010di svalov. V\u00f4\u0148a je sladk\u00e1, pr\u00edjemn\u00e1 a dop\u013a\u0148a sa s v\u00f4\u0148ou levandule.<\/p>\n<p><strong>Pou\u017eitie:<\/strong><br \/>\nOlej mo\u017eno pou\u017ei\u0165 na mas\u00e1\u017e alebo do k\u00fape\u013ea. Pri mas\u00e1\u017ei naneste a vmas\u00edrujte mal\u00e9 mno\u017estvo oleja do poko\u017eky na ruk\u00e1ch, krku, chrbte alebo noh\u00e1ch. Pri k\u00fapeli nalejte do vane s teplou vodou 1 PL oleja. Ponorte sa do vody, inhalujte a relaxujte.<\/p>\n<p>Skladujte na suchom, chladnom a tmavom mieste, mimo dosahu det\u00ed. Vyhnite sa kontaktu s o\u010dami, so sliznicami a s poranenou poko\u017ekou. Pri zasiahnut\u00ed o\u010d\u00ed vypl\u00e1chnite vodou. Ur\u010den\u00e9 na vonkaj\u0161ie pou\u017eitie. Nevhodn\u00e9 pre deti do 6 rokov, tehotn\u00e9 a doj\u010diace \u017eeny.<\/p>\n<p><strong>Balenie: 50 ml<\/strong><\/p>\n<p><strong>Viac o svalovici a \u010fal\u0161ie tipy ako si s \u0148ou poradi\u0165 n\u00e1jdete<\/strong> aj na na\u0161om blogu:<\/p>\n<p><a href=\"https:\/\/fitshaker.sk\/mala-by-som-cvicit-ked-mam-svalovicu\">Mala by som cvi\u010di\u0165, ke\u010f m\u00e1m svalovicu?<\/a><\/p>\n<p><a href=\"https:\/\/fitshaker.sk\/strecing-je-mega-dolezity-zisti-ako-na-to-video-navod-tu\">Dynamick\u00fd stre\u010ding verzus statick\u00fd stre\u010ding<\/a><\/p>\n<p><a href=\"https:\/\/fitshaker.sk\/ako-sa-zbavit-svalovice-jedlom-3-overene-tipy-vo-vnutri\">Ak\u00e9 potraviny pom\u00e1haj\u00fa pri svalovici<\/a><\/p>\n<p><a href=\"https:\/\/fitshaker.sk\/svalovica-preco-sa-z-nej-tesit\">Ako pred\u00eds\u0165 svalovici a ako zmierni\u0165 boles\u0165<\/a><\/p>\n","protected":false},"excerpt":{"rendered":"<div class=\"ql-block\" data-block-id=\"block-623bbe76-8438-4e41-b82b-2c23ee8a6e35\">\n<p>Mas\u00e1\u017eny olej nie len na svalovicu, ale n\u00e1pomocn\u00fd aj pri bolesti \u0161liach, v\u00e4z\u00edv a svalov alebo pri men\u0161trua\u010dn\u00fdch bolestiach. Poko\u017eka zost\u00e1va po mas\u00e1\u017ei jemn\u00e1, vy\u017eiven\u00e1 a vo\u0148av\u00e1 v\u010faka pr\u00edrodn\u00fdm siliciam \u2013 levandu\u013ea, g\u00e1for, wintergreen. Vhodn\u00fd na mas\u00e1\u017e aj do k\u00fape\u013ea.<\/p>\n<\/div>\n","protected":false},"featured_media":162558,"comment_status":"open","ping_status":"closed","template":"","meta":{"_acf_changed":false},"product_cat":[215],"product_tag":[],"bundle_layout":"","bundled_by":[],"bundled_items":[],"acf":[],"_links":{"self":[{"href":"https:\/\/fitshaker.sk\/eshop\/cs\/wp-json\/wp\/v2\/product\/155687"}],"collection":[{"href":"https:\/\/fitshaker.sk\/eshop\/cs\/wp-json\/wp\/v2\/product"}],"about":[{"href":"https:\/\/fitshaker.sk\/eshop\/cs\/wp-json\/wp\/v2\/types\/product"}],"replies":[{"embeddable":true,"href":"https:\/\/fitshaker.sk\/eshop\/cs\/wp-json\/wp\/v2\/comments?post=155687"}],"wp:featuredmedia":[{"embeddable":true,"href":"https:\/\/fitshaker.sk\/eshop\/cs\/wp-json\/wp\/v2\/media\/162558"}],"wp:attachment":[{"href":"https:\/\/fitshaker.sk\/eshop\/cs\/wp-json\/wp\/v2\/media?parent=155687"}],"wp:term":[{"taxonomy":"product_cat","embeddable":true,"href":"https:\/\/fitshaker.sk\/eshop\/cs\/wp-json\/wp\/v2\/product_cat?post=155687"},{"taxonomy":"product_tag","embeddable":true,"href":"https:\/\/fitshaker.sk\/eshop\/cs\/wp-json\/wp\/v2\/product_tag?post=155687"}],"curies":[{"name":"wp","href":"https:\/\/api.w.org\/{rel}","templated":true}]}}