{"id":155685,"date":"2024-07-24T12:32:18","date_gmt":"2024-07-24T10:32:18","guid":{"rendered":"https:\/\/fitshaker-eshop-prod.goodrequest.dev\/eshop\/?post_type=product&#038;p=155685"},"modified":"2026-01-28T17:59:32","modified_gmt":"2026-01-28T16:59:32","slug":"fitnutka-bio-arasidy-protein","status":"publish","type":"product","link":"https:\/\/fitshaker.sk\/eshop\/cs\/produkt\/fitnutka-bio-arasidy-protein","title":{"rendered":"Fitnutka: BIO Ara\u0161idy a protein 330 g"},"content":{"rendered":"<p><strong>Fitnutka: BIO Ara\u0161idy &#038; Protein <\/strong>je vynikaj\u00faca ara\u0161idov\u00e1 n\u00e1tierka a kamo\u0161ka ka\u017ed\u00e9ho akt\u00edvneho \u010dloveka. Chrumkav\u00e9 ara\u0161idy s\u00fa pripraven\u00e9 tak, aby jej dodali karamelov\u00fa chu\u0165 a spravili ju neodolate\u013enou. Chut\u00ed ako ob\u013e\u00faben\u00fd ara\u0161idov\u00fd keks\u00edk, ktor\u00fd treba ma\u0165 v\u017edy po ruke na v\u00fdlete, \u010di na desiatu.<\/p>\n<p>Nahra\u010fte ho zdravo \ud83e\udd5c\ud83d\ude0b! T\u00fa chu\u0165 budete milova\u0165 \u2764\ufe0f<\/p>\n<p><img loading=\"lazy\" decoding=\"async\" class=\"alignnone wp-image-128077\" src=\"https:\/\/fitshaker.sk\/eshop\/wp-content\/uploads\/2022\/12\/Cucoriedkovo-arasidove-smoothie-11-682x1024.jpg\" alt=\"recept s orie\u0161kovym maslom\" width=\"413\" height=\"620\" srcset=\"https:\/\/fitshaker.sk\/eshop\/wp-content\/uploads\/2022\/12\/Cucoriedkovo-arasidove-smoothie-11-682x1024.jpg 682w, https:\/\/fitshaker.sk\/eshop\/wp-content\/uploads\/2022\/12\/Cucoriedkovo-arasidove-smoothie-11-200x300.jpg 200w, https:\/\/fitshaker.sk\/eshop\/wp-content\/uploads\/2022\/12\/Cucoriedkovo-arasidove-smoothie-11-768x1154.jpg 768w, https:\/\/fitshaker.sk\/eshop\/wp-content\/uploads\/2022\/12\/Cucoriedkovo-arasidove-smoothie-11-600x902.jpg 600w, https:\/\/fitshaker.sk\/eshop\/wp-content\/uploads\/2022\/12\/Cucoriedkovo-arasidove-smoothie-11.jpg 800w\" sizes=\"(max-width: 413px) 100vw, 413px\" \/> <img loading=\"lazy\" decoding=\"async\" class=\"alignnone wp-image-128058\" src=\"https:\/\/fitshaker.sk\/eshop\/wp-content\/uploads\/2022\/12\/Fitnuky_Produktova-a-kulisou-44-681x1024.jpg\" alt=\"arasidove maslo s kuskami arasidov\" width=\"413\" height=\"620\" srcset=\"https:\/\/fitshaker.sk\/eshop\/wp-content\/uploads\/2022\/12\/Fitnuky_Produktova-a-kulisou-44-681x1024.jpg 681w, https:\/\/fitshaker.sk\/eshop\/wp-content\/uploads\/2022\/12\/Fitnuky_Produktova-a-kulisou-44-200x300.jpg 200w, https:\/\/fitshaker.sk\/eshop\/wp-content\/uploads\/2022\/12\/Fitnuky_Produktova-a-kulisou-44-768x1154.jpg 768w, https:\/\/fitshaker.sk\/eshop\/wp-content\/uploads\/2022\/12\/Fitnuky_Produktova-a-kulisou-44-600x902.jpg 600w, https:\/\/fitshaker.sk\/eshop\/wp-content\/uploads\/2022\/12\/Fitnuky_Produktova-a-kulisou-44.jpg 1006w\" sizes=\"(max-width: 413px) 100vw, 413px\" \/> <img loading=\"lazy\" decoding=\"async\" class=\"alignnone wp-image-128059\" src=\"https:\/\/fitshaker.sk\/eshop\/wp-content\/uploads\/2022\/12\/Fitnuky_Produktova-a-kulisou-48-681x1024.jpg\" alt=\"orieskove masla\" width=\"412\" height=\"620\" srcset=\"https:\/\/fitshaker.sk\/eshop\/wp-content\/uploads\/2022\/12\/Fitnuky_Produktova-a-kulisou-48-681x1024.jpg 681w, https:\/\/fitshaker.sk\/eshop\/wp-content\/uploads\/2022\/12\/Fitnuky_Produktova-a-kulisou-48-200x300.jpg 200w, https:\/\/fitshaker.sk\/eshop\/wp-content\/uploads\/2022\/12\/Fitnuky_Produktova-a-kulisou-48-768x1155.jpg 768w, https:\/\/fitshaker.sk\/eshop\/wp-content\/uploads\/2022\/12\/Fitnuky_Produktova-a-kulisou-48-600x902.jpg 600w, https:\/\/fitshaker.sk\/eshop\/wp-content\/uploads\/2022\/12\/Fitnuky_Produktova-a-kulisou-48.jpg 914w\" sizes=\"(max-width: 412px) 100vw, 412px\" \/><\/p>\n<p>&nbsp;<\/p>\n<h3>\u010co dobr\u00e9 si m\u00f4\u017ee\u0161 s Fitnutkami pripravi\u0165?<\/h3>\n<p>Tak \u010do, vysk\u00fa\u0161a\u0161 prida\u0165 niektor\u00fa z na\u0161ich Fitnutiek do ra\u0148ajkovej ka\u0161e, na lievance, kol\u00e1\u010diky alebo na slano do om\u00e1\u010dok \u010di cestov\u00edn?<\/p>\n<p>In\u0161piruj sa receptami na na\u0161om blogu v kateg\u00f3rii <a href=\"https:\/\/fitshaker.sk\/kategoria\/recepty\/recepty-fitnutka\">RECEPTY S FITNUTKOU<\/a>, zisti, kde v\u0161ade sa daj\u00fa orie\u0161kov\u00e9 n\u00e1tierky vyu\u017ei\u0165, a vy\u010daruj nov\u00fa chu\u0165 na tanieri.<\/p>\n<p>&nbsp;<\/p>\n<h3>Zlo\u017eenie:<\/h3>\n<ul>\n<li>BIO <strong>pra\u017een\u00e9 ara\u0161idy<\/strong> 70 %*<\/li>\n<li>BIO kokosov\u00fd olej*<\/li>\n<li>BIO ry\u017eov\u00e1 bielkovina 9 %*<\/li>\n<li>BIO kokosov\u00fd cukor*<\/li>\n<li>BIO slne\u010dnicov\u00fd lecit\u00edn*<\/li>\n<li>morsk\u00e1 so\u013e*<\/li>\n<\/ul>\n<p>*Vyprodukovan\u00e9 v ekologickom po\u013enohospod\u00e1rstve.<\/p>\n<p><strong>M\u00f4\u017ee obsahova\u0165 orechy.<\/strong><\/p>\n<p><strong>Pou\u017eitie\/Skladovanie:<\/strong><br \/>\nPred pou\u017eit\u00edm premie\u0161ajte. Skladujte v suchu, pri teplote do 25 \u00b0C a chr\u00e1\u0148te pred priamym slne\u010dn\u00fdm \u017eiaren\u00edm. Skonzumujte do jedn\u00e9ho mesiaca od otvorenia.<\/p>\n<p>&nbsp;<\/p>\n<h3>V\u00fd\u017eivov\u00e9 \u00fadaje na 100 g:<\/h3>\n<p>Energia 2542kJ \/ 586kcal<br \/>\nBielkoviny 24,95 g<br \/>\nSacharidy 19,7 g z toho cukry 11,24 g<br \/>\nTuky 44,5 g, z toho nas\u00fdten\u00e9 mastn\u00e9 kyseliny 13,21 g<br \/>\nVl\u00e1knina 5,32 g<br \/>\nSo\u013e 0,2 g<\/p>\n<p><strong>Balenie: 330 g<\/strong><\/p>\n<p>&nbsp;<\/p>\n<h3>A ak\u00e9 maj\u00fa ara\u0161idy v n\u00e1tierke benefity?<\/h3>\n<p>Samotn\u00e9\u00a0ara\u0161idy\u00a0s\u00fa zn\u00e1me\u00a0vysok\u00fdm obsahom prote\u00ednov\u00a0a n\u00e1tierka je naviac obohaten\u00e1 o ry\u017eov\u00fd prote\u00edn, ktor\u00fd dopln\u00ed bielkoviny do ka\u017edodenn\u00e9ho jed\u00e1lni\u010dka. Tie s\u00fa ve\u013emi d\u00f4le\u017eit\u00e9 pre zdravie kost\u00ed, rast a udr\u017eanie svalov, pom\u00e1haj\u00fa zr\u00fdchli\u0165 metabolizmus a podporuj\u00fa regener\u00e1ciu. Okrem toho maj\u00fa ara\u0161idy\u00a0vysok\u00fd obsah vl\u00e1kniny.\u00a0Vl\u00e1knina a prote\u00edny zabezpe\u010dia\u00a0dlhodob\u00fd pocit nas\u00fdtenia. \u010eal\u0161ie v\u00fdznamn\u00e9 benefity ara\u0161idov s\u00fa\u00a0obsah vitam\u00ednu E\u00a0(chr\u00e1ni bunky pred po\u0161koden\u00edm),\u00a0vitam\u00edny skupiny B\u00a0(napr\u00edklad B3 zni\u017euje cholesterol, B7 \u2013 biot\u00edn, zn\u00e1my ako \u201evitam\u00edn kr\u00e1sy\u201c, ktor\u00fd m\u00e1 blahodarn\u00e9 \u00fa\u010dinky na na\u0161u poko\u017eku, nechty a vlasy),\u00a0obsah hor\u010d\u00edka\u00a0(v\u00fd\u017eiva pre kosti) a\u00a0mang\u00e1nu\u00a0(p\u00f4sob\u00ed priaznivo na n\u00e1\u0161 metabolizmus a\u00a0spa\u013eovanie tukov, chr\u00e1ni n\u00e1s pred osteopor\u00f3zou, vysok\u00fdm krvn\u00fdm tlakom, an\u00e9miou a cukrovkou).<\/p>\n<p>&nbsp;<\/p>\n<p><strong>UPOZORNENIE:<\/strong>\u00a0<strong>Pri v\u00e4\u010d\u0161\u00edch teplotn\u00fdch rozdieloch, hlavne v jesennom a zimnom obdob\u00ed, sa oddelen\u00fd olej m\u00f4\u017ee vyzr\u00e1\u017ea\u0165 do tukov\u00fdch \u010diasto\u010diek (mal\u00e9 biele guli\u010dky), alebo sa m\u00f4\u017ee oddeli\u0165 tuh\u00e1 a tekut\u00e1 zlo\u017eka n\u00e1tierky, \u010do v\u0161ak nie je chyba produktu. Pre odstr\u00e1nenie tohto javu, odpor\u00fa\u010dame produkt d\u00f4kladne premie\u0161a\u0165 v teplom, nie vriacom, vodnom k\u00fapeli\u00a0\u00a0aby sa &#8220;v\u0161etky vrstvy&#8221; poriadne spojili. Vznikne tak lahodn\u00e1 kr\u00e9mov\u00e1 konzistencia.<\/strong><\/p>\n","protected":false},"excerpt":{"rendered":"<p><strong>Bio ara\u0161idov\u00e1 n\u00e1tierka s k\u00faskami ara\u0161idov a prote\u00ednom. A\u017e 70 % ara\u0161idov!<br \/>\n<\/strong>Chut\u00ed ako ob\u013e\u00faben\u00fd ara\u0161idov\u00fd keks\u00edk.<\/p>\n<p>&nbsp;<\/p>\n<p><img loading=\"lazy\" decoding=\"async\" class=\"alignnone wp-image-170773\" src=\"https:\/\/fitshaker.sk\/eshop\/wp-content\/uploads\/2024\/07\/BIO-fitnutky-zakladne-eshop-ikonky-produkty.png\" alt=\"Bo fitnutka orieskove masla\" width=\"670\" height=\"100\" srcset=\"https:\/\/fitshaker.sk\/eshop\/wp-content\/uploads\/2024\/07\/BIO-fitnutky-zakladne-eshop-ikonky-produkty.png 5920w, https:\/\/fitshaker.sk\/eshop\/wp-content\/uploads\/2024\/07\/BIO-fitnutky-zakladne-eshop-ikonky-produkty-350x52.png 350w, https:\/\/fitshaker.sk\/eshop\/wp-content\/uploads\/2024\/07\/BIO-fitnutky-zakladne-eshop-ikonky-produkty-595x89.png 595w, https:\/\/fitshaker.sk\/eshop\/wp-content\/uploads\/2024\/07\/BIO-fitnutky-zakladne-eshop-ikonky-produkty-385x57.png 385w, https:\/\/fitshaker.sk\/eshop\/wp-content\/uploads\/2024\/07\/BIO-fitnutky-zakladne-eshop-ikonky-produkty-768x115.png 768w, https:\/\/fitshaker.sk\/eshop\/wp-content\/uploads\/2024\/07\/BIO-fitnutky-zakladne-eshop-ikonky-produkty-1536x229.png 1536w, https:\/\/fitshaker.sk\/eshop\/wp-content\/uploads\/2024\/07\/BIO-fitnutky-zakladne-eshop-ikonky-produkty-2048x305.png 2048w, https:\/\/fitshaker.sk\/eshop\/wp-content\/uploads\/2024\/07\/BIO-fitnutky-zakladne-eshop-ikonky-produkty-450x67.png 450w\" sizes=\"(max-width: 670px) 100vw, 670px\" \/><\/p>\n","protected":false},"featured_media":162584,"comment_status":"open","ping_status":"closed","template":"","meta":{"_acf_changed":false},"product_cat":[213],"product_tag":[],"bundle_layout":"","bundled_by":[],"bundled_items":[],"acf":[],"_links":{"self":[{"href":"https:\/\/fitshaker.sk\/eshop\/cs\/wp-json\/wp\/v2\/product\/155685"}],"collection":[{"href":"https:\/\/fitshaker.sk\/eshop\/cs\/wp-json\/wp\/v2\/product"}],"about":[{"href":"https:\/\/fitshaker.sk\/eshop\/cs\/wp-json\/wp\/v2\/types\/product"}],"replies":[{"embeddable":true,"href":"https:\/\/fitshaker.sk\/eshop\/cs\/wp-json\/wp\/v2\/comments?post=155685"}],"wp:featuredmedia":[{"embeddable":true,"href":"https:\/\/fitshaker.sk\/eshop\/cs\/wp-json\/wp\/v2\/media\/162584"}],"wp:attachment":[{"href":"https:\/\/fitshaker.sk\/eshop\/cs\/wp-json\/wp\/v2\/media?parent=155685"}],"wp:term":[{"taxonomy":"product_cat","embeddable":true,"href":"https:\/\/fitshaker.sk\/eshop\/cs\/wp-json\/wp\/v2\/product_cat?post=155685"},{"taxonomy":"product_tag","embeddable":true,"href":"https:\/\/fitshaker.sk\/eshop\/cs\/wp-json\/wp\/v2\/product_tag?post=155685"}],"curies":[{"name":"wp","href":"https:\/\/api.w.org\/{rel}","templated":true}]}}