{"id":155673,"date":"2024-07-24T12:32:10","date_gmt":"2024-07-24T10:32:10","guid":{"rendered":"https:\/\/fitshaker-eshop-prod.goodrequest.dev\/eshop\/?post_type=product&#038;p=155673"},"modified":"2026-04-11T17:27:12","modified_gmt":"2026-04-11T15:27:12","slug":"klzave-disky","status":"publish","type":"product","link":"https:\/\/fitshaker.sk\/eshop\/cs\/produkt\/klzave-disky","title":{"rendered":"K\u013azav\u00e9 disky"},"content":{"rendered":"<p><strong>K\u013azav\u00e9 disky, naz\u00fdvan\u00e9 aj \u0161mykov\u00e9 podlo\u017eky alebo Core Sliders<\/strong>, s\u00fa <strong>skvelou <\/strong>cvi\u010debnou<strong> pom\u00f4ckou<\/strong> na vypracovanie a <strong>spevnenie<\/strong> cel\u00e9ho tela.\u00a0 Cvi\u010denie s diskami spo\u010d\u00edva v pos\u00favan\u00ed r\u00fak a n\u00f4h po podlahe, pri\u010dom vynikaj\u00fa svojou <strong>v\u0161estrannos\u0165ou<\/strong>. Umo\u017enia <strong>zintenz\u00edvni\u0165 si dom\u00e1ci tr\u00e9ning<\/strong> mnoh\u00fdmi cvikmi a z\u00e1rove\u0148 s\u00fa <strong>\u0161etrn\u00e9 ku k\u013abom<\/strong>. Disky s\u00fa <strong>skladn\u00e9 a prenosn\u00e9<\/strong>, tak\u017ee ich m\u00f4\u017eete zobra\u0165 so sebou kdeko\u013evek.<\/p>\n<p>V\u010faka 2 stran\u00e1m sa disky <strong>prisp\u00f4sobia ka\u017ed\u00e9mu povrchu<\/strong>. Penov\u00e1 strana sa dobre k\u013a\u017ee po tvrdej podlahe a farebn\u00e1 strana je vhodn\u00e1 na m\u00e4k\u0161\u00ed povrch, napr\u00edklad koberec.<\/p>\n<p>Balenie obsahuje 2 k\u013azav\u00e9 disky v praktickom s\u0165ahovacom vrecku. Priemer jedn\u00e9ho disku je 18cm.<\/p>\n<p><strong style=\"color: var(--global--color-primary); font-family: var(--global--font-secondary); font-size: var(--global--font-size-base); background-color: var(--global--color-background);\"><strong>Recenzia od na\u0161ej z\u00e1kazn\u00ed\u010dky Dominiky:\u00a0<i data-stringify-type=\"italic\">\u201eChcem veeee\u013emi pozit\u00edvne ohodnoti\u0165 k\u013azav\u00e9 disky, nad ktor\u00fdmi som stra\u0161ne v\u00e1hala, ale jedno cvi\u010dko s nimi ma presved\u010dilo, \u017ee s\u00fa skvel\u00e9. \u013dahu\u010dk\u00e9, vojd\u00fa do ta\u0161ky, praktick\u00e9 a k\u013azaj\u00fa presne ako treba.<\/i><i data-stringify-type=\"italic\"><span class=\"c-emoji c-emoji__medium c-emoji--inline\" data-qa=\"emoji\" data-sk=\"tooltip_parent\">. Toti\u017e, u\u017e som \u010d\u00edtala aj negat\u00edvne recenzie na in\u00e9 zna\u010dky, \u010di\u017ee tieto Va\u0161e s\u00fa fakt tak\u00e9, ako maj\u00fa by\u0165.<\/span><\/i><i data-stringify-type=\"italic\"><span class=\"c-emoji c-emoji__medium c-emoji--inline\" data-qa=\"emoji\" data-sk=\"tooltip_parent\">\u201c<\/span><\/i><i data-stringify-type=\"italic\"><span class=\"c-emoji c-emoji__medium c-emoji--inline\" data-qa=\"emoji\" data-sk=\"tooltip_parent\">\u00a0 \u00a0<\/span><\/i><\/strong>\u00a0 \u00a0 \u00a0 \u00a0 \u00a0 \u00a0 \u00a0 \u00a0 \u00a0<\/strong><\/p>\n<p>Medzi na\u0161imi tr\u00e9ningami n\u00e1jde\u0161 aj in\u0161pir\u00e1ciu <strong><a href=\"https:\/\/fitshaker.sk\/cvicenie?accessories=11\">ako s k\u013azav\u00fdmi diskami cvi\u010di\u0165<\/a>.<\/strong><\/p>\n<div class=\"embed-container\" style=\"margin-top: 30px;\"><\/div>\n","protected":false},"excerpt":{"rendered":"<p>K\u013azav\u00e9 disky ti umo\u017enia posilni\u0165 si v\u0161etky svaly v\u010faka cvikom s hmotnos\u0165ou vlastn\u00e9ho tela.<\/p>\n<p>V\u010faka 2 stran\u00e1m sa disky prisp\u00f4sobia ka\u017ed\u00e9mu povrchu. Penov\u00e1 strana sa dobre k\u013a\u017ee po tvrdej podlahe a farebn\u00e1 strana je vhodn\u00e1 na m\u00e4k\u0161\u00ed povrch, napr\u00edklad koberec.<\/p>\n<p>Priemer: 18 cm<br \/>\nBalenie obsahuje 2 ks.<\/p>\n","protected":false},"featured_media":162518,"comment_status":"open","ping_status":"closed","template":"","meta":{"_acf_changed":false},"product_cat":[215],"product_tag":[],"bundle_layout":"","bundled_by":[],"bundled_items":[],"acf":[],"_links":{"self":[{"href":"https:\/\/fitshaker.sk\/eshop\/cs\/wp-json\/wp\/v2\/product\/155673"}],"collection":[{"href":"https:\/\/fitshaker.sk\/eshop\/cs\/wp-json\/wp\/v2\/product"}],"about":[{"href":"https:\/\/fitshaker.sk\/eshop\/cs\/wp-json\/wp\/v2\/types\/product"}],"replies":[{"embeddable":true,"href":"https:\/\/fitshaker.sk\/eshop\/cs\/wp-json\/wp\/v2\/comments?post=155673"}],"wp:featuredmedia":[{"embeddable":true,"href":"https:\/\/fitshaker.sk\/eshop\/cs\/wp-json\/wp\/v2\/media\/162518"}],"wp:attachment":[{"href":"https:\/\/fitshaker.sk\/eshop\/cs\/wp-json\/wp\/v2\/media?parent=155673"}],"wp:term":[{"taxonomy":"product_cat","embeddable":true,"href":"https:\/\/fitshaker.sk\/eshop\/cs\/wp-json\/wp\/v2\/product_cat?post=155673"},{"taxonomy":"product_tag","embeddable":true,"href":"https:\/\/fitshaker.sk\/eshop\/cs\/wp-json\/wp\/v2\/product_tag?post=155673"}],"curies":[{"name":"wp","href":"https:\/\/api.w.org\/{rel}","templated":true}]}}