{"id":155660,"date":"2024-07-24T12:32:09","date_gmt":"2024-07-24T10:32:09","guid":{"rendered":"https:\/\/fitshaker-eshop-prod.goodrequest.dev\/eshop\/?post_type=product&#038;p=155660"},"modified":"2026-04-30T09:06:25","modified_gmt":"2026-04-30T07:06:25","slug":"expandery-na-precvicenie-celeho-tela","status":"publish","type":"product","link":"https:\/\/fitshaker.sk\/eshop\/cs\/produkt\/expandery-na-precvicenie-celeho-tela","title":{"rendered":"Expandery na precvi\u010denie cel\u00e9ho tela"},"content":{"rendered":"<p>Posu\u0148 <strong>cvi\u010denie online z pohodlia domova<\/strong> na in\u00fa \u00farove\u0148. Ako na to? Vyu\u017ei t\u00fato jedine\u010dn\u00fa pom\u00f4cku, ktor\u00e1 ti nezaberie ve\u013ea miesta, a pritom komplexne s \u0148ou precvi\u010d\u00ed\u0161 <strong>v\u0161etky partie tela<\/strong>. Okrem posil\u0148ovania zlep\u0161\u00ed\u0161 i svoju <strong>flexibilitu<\/strong> \u010di <strong>rozsah<\/strong> <strong>pohybu<\/strong>. Vzh\u013eadom k tomu, \u017ee <strong>expandery<\/strong> s\u00fa vyroben\u00e9 z kvalitn\u00fdch materi\u00e1lov, predl\u017eujeme ich \u017eivotnos\u0165 a v \u010do najv\u00e4\u010d\u0161ej mo\u017enej miere eliminujeme riziko zranenia pri cvi\u010den\u00ed online. Ka\u017ed\u00fd expander meria <strong>208 cm (prelo\u017een\u00fd na polovicu 104 cm), \u0161\u00edrku 4 cm<\/strong> a sada obsahuje <strong>3 \u00farovne<\/strong> <strong>expanderov:<\/strong><\/p>\n<p>\u2022 <strong>fialov\u00fd &#8211; \u013eahk\u00fd (max.odpor 13 kg)<\/strong>,<\/p>\n<p>\u2022 <strong>bledo oran\u017eov\u00fd &#8211; stredn\u00fd (max.odpor 22 kg)<\/strong>,<\/p>\n<p>\u2022 <strong>tmavo oran\u017eov\u00fd &#8211; \u0165a\u017ek\u00fd (max.odpor 31 kg)<\/strong>.<\/p>\n<p>T\u00e1to sada obsahuje aj <strong>vrec\u00fa\u0161ko<\/strong>, ktor\u00e9 ti zabezpe\u010d\u00ed pohodln\u00e9 skladovanie a prenos, aby si si dopriala plnohodnotn\u00e9 cvi\u010denie odkia\u013eko\u013evek.<\/p>\n<p>Medzi na\u0161imi tr\u00e9ningami n\u00e1jde\u0161 aj in\u0161pir\u00e1ciu <a href=\"https:\/\/fitshaker.sk\/cvicenie?accessories=17\">ako s dlh\u00fdmi expandermi cvi\u010di\u0165<\/a>.<\/p>\n<style>.embed-container { position: relative; padding-bottom: 56.25%; height: 0; overflow: hidden; max-width: 100%; } .embed-container iframe, .embed-container object, .embed-container embed { position: absolute; top: 0; left: 0; width: 100%; height: 100%; }<\/style>\n<div class=\"embed-container\"><iframe src=\"https:\/\/www.youtube.com\/embed\/9qLMwzHycps\" frameborder=\"0\" allowfullscreen=\"allowfullscreen\"><\/iframe><\/div>\n<style>.embed-container { position: relative; padding-bottom: 56.25%; height: 0; overflow: hidden; max-width: 100%; } .embed-container iframe, .embed-container object, .embed-container embed { position: absolute; top: 0; left: 0; width: 100%; height: 100%; }<\/style>\n<div class=\"embed-container\"><iframe src=\"https:\/\/www.youtube.com\/embed\/_6XJcZsaiaE\" frameborder=\"0\" allowfullscreen=\"allowfullscreen\"><\/iframe><\/div>\n<style>.embed-container { position: relative; padding-bottom: 56.25%; height: 0; overflow: hidden; max-width: 100%; } .embed-container iframe, .embed-container object, .embed-container embed { position: absolute; top: 0; left: 0; width: 100%; height: 100%; }<\/style>\n<div class=\"embed-container\"><iframe src=\"https:\/\/www.youtube.com\/embed\/aFEB4XQ6VGM\" frameborder=\"0\" allowfullscreen=\"allowfullscreen\"><\/iframe><\/div>\n<p>&nbsp;<\/p>\n<style>.embed-container { position: relative; padding-bottom: 56.25%; height: 0; overflow: hidden; max-width: 100%; } .embed-container iframe, .embed-container object, .embed-container embed { position: absolute; top: 0; left: 0; width: 100%; height: 100%; }<\/style>\n<div class=\"embed-container\"><iframe src=\"https:\/\/www.youtube.com\/embed\/nh3oxsoLv4Y\" frameborder=\"0\" allowfullscreen=\"allowfullscreen\"><\/iframe><\/div>\n","protected":false},"excerpt":{"rendered":"<p>Zacvi\u010d si cel\u00e9 telo bez fitka! S touto sadou 3 dlh\u00fdch expanderov (208 cm, odpor 13\u201331 kg) posiln\u00ed\u0161 ka\u017ed\u00fd sval, zlep\u0161\u00ed\u0161 flexibilitu a v\u010faka praktick\u00e9mu vrec\u00fa\u0161ku cvi\u010d\u00ed\u0161 kdeko\u013evek!<\/p>\n","protected":false},"featured_media":162579,"comment_status":"open","ping_status":"closed","template":"","meta":{"_acf_changed":false},"product_cat":[215],"product_tag":[],"bundle_layout":"","bundled_by":[],"bundled_items":[],"acf":[],"_links":{"self":[{"href":"https:\/\/fitshaker.sk\/eshop\/cs\/wp-json\/wp\/v2\/product\/155660"}],"collection":[{"href":"https:\/\/fitshaker.sk\/eshop\/cs\/wp-json\/wp\/v2\/product"}],"about":[{"href":"https:\/\/fitshaker.sk\/eshop\/cs\/wp-json\/wp\/v2\/types\/product"}],"replies":[{"embeddable":true,"href":"https:\/\/fitshaker.sk\/eshop\/cs\/wp-json\/wp\/v2\/comments?post=155660"}],"wp:featuredmedia":[{"embeddable":true,"href":"https:\/\/fitshaker.sk\/eshop\/cs\/wp-json\/wp\/v2\/media\/162579"}],"wp:attachment":[{"href":"https:\/\/fitshaker.sk\/eshop\/cs\/wp-json\/wp\/v2\/media?parent=155660"}],"wp:term":[{"taxonomy":"product_cat","embeddable":true,"href":"https:\/\/fitshaker.sk\/eshop\/cs\/wp-json\/wp\/v2\/product_cat?post=155660"},{"taxonomy":"product_tag","embeddable":true,"href":"https:\/\/fitshaker.sk\/eshop\/cs\/wp-json\/wp\/v2\/product_tag?post=155660"}],"curies":[{"name":"wp","href":"https:\/\/api.w.org\/{rel}","templated":true}]}}